{"id":1064,"date":"2015-08-18T10:33:34","date_gmt":"2015-08-18T13:33:34","guid":{"rendered":"http:\/\/brightland.com.br\/alessandra\/?page_id=1064"},"modified":"2015-10-17T10:15:03","modified_gmt":"2015-10-17T13:15:03","slug":"a-designer-alessandra-mitteldorf","status":"publish","type":"page","link":"http:\/\/www.alessandramitteldorf.com.br\/portal\/a-designer-alessandra-mitteldorf\/","title":{"rendered":"A designer Alessandra Mitteldorf"},"content":{"rendered":"<p style=\"text-align: justify;\">Alessandra Mitteldorf \u00e9 antes de mais nada uma apaixonada pela exuber\u00e2ncia da Natureza, que ela aprendeu a respeitar em sua cidade natal, Rio de Janeiro.\u00a0 Como ela pr\u00f3pria diz, <em>\u201cnas \u00e1rvores da casa de seus av\u00f3s surgiram as primeiras impress\u00f5es das cores, formas e aromas\u201d<\/em> presentes hoje em seu elegante trabalho como designer de ambientes e eventos.<\/p>\n<p style=\"text-align: justify;\"><span style=\"color: #ffffff;\">X<\/span><br \/>\nEngenheira de forma\u00e7\u00e3o, morou na Calif\u00f3rnia e no ano de 2002 resolveu, ap\u00f3s um tratamento com florais de Bach, dar uma reviravolta profissional, e trazer \u00e0 tona seu lado m\u00e3e e toda a ess\u00eancia feminina que andava adormecida. Sem perder toda experi\u00eancia em marketing e planejamento acumulada em anos, trouxe para seu trabalho muita intui\u00e7\u00e3o, inspira\u00e7\u00e3o, delicadeza e a paix\u00e3o que as mulheres t\u00eam pelas flores.<\/p>\n<p style=\"text-align: justify;\"><span style=\"color: #ffffff;\">X<\/span><br \/>\nMinuciosa, aprendeu nos anos como executiva de grandes corpora\u00e7\u00f5es, que n\u00e3o existe sucesso sem muito planejamento, observa\u00e7\u00e3o e altas doses de intui\u00e7\u00e3o. Duplamente virginiana procura as solu\u00e7\u00f5es mais eficazes e econ\u00f4micas para seus projetos sem perder o encanto, a leveza e lirismo que s\u00e3o sua marca registrada.<\/p>\n<p style=\"text-align: justify;\"><span style=\"color: #ffffff;\">X<\/span><br \/>\nTrabalha com os mais diferentes materiais e estilos, procurando fugir do \u00f3bvio e surpreender quem conhece seu trabalho. Seu objetivo \u00e9 harmonizar elementos que podem parecer inconcili\u00e1veis para olhares menos treinados.<\/p>\n<p style=\"text-align: justify;\">Luz e plantas podem transformar qualquer espa\u00e7o. Quando bem trabalhados permitem recuperar lembran\u00e7as h\u00e1 muito tempo guardadas criando outras que ser\u00e3o inesquec\u00edveis.<\/p>\n<p style=\"text-align: justify;\"><em><span style=\"color: #ffffff;\">X<\/span><br \/>\n\u201cEm evento s\u00f3 h\u00e1 possibilidade de acertos. H\u00e1 ocasi\u00f5es que s\u00e3o \u00fanicas na vida. N\u00e3o basta criatividade e t\u00e9cnica. \u00c9 preciso trazer seguran\u00e7a a todos os envolvidos. \u00c9 fundamental ouvir muito, entender expectativas, otimizar recursos sem limitar sonhos\u201d <\/em><\/p>\n<p style=\"text-align: right;\">Alessandra Mitteldorf<\/p>\n<p><a href=\"http:\/\/www.alessandramitteldorf.com.br\/portal\/wp-content\/uploads\/2014\/12\/atelier2-copy.jpg\"><img decoding=\"async\" class=\"alignnone wp-image-1061 size-full\" src=\"http:\/\/www.alessandramitteldorf.com.br\/portal\/wp-content\/uploads\/2014\/12\/atelier2-copy.jpg\" alt=\"atelier2 copy\" width=\"1170\" height=\"600\" srcset=\"http:\/\/www.alessandramitteldorf.com.br\/portal\/wp-content\/uploads\/2014\/12\/atelier2-copy.jpg 1170w, http:\/\/www.alessandramitteldorf.com.br\/portal\/wp-content\/uploads\/2014\/12\/atelier2-copy-300x154.jpg 300w, http:\/\/www.alessandramitteldorf.com.br\/portal\/wp-content\/uploads\/2014\/12\/atelier2-copy-1024x525.jpg 1024w\" sizes=\"(max-width: 1170px) 100vw, 1170px\" \/><\/a><\/p>\n<p>&nbsp;<\/p>\n","protected":false},"excerpt":{"rendered":"<p>Alessandra Mitteldorf \u00e9 antes de mais nada uma apaixonada pela exuber\u00e2ncia da Natureza, que ela aprendeu a respeitar em sua cidade natal, Rio de Janeiro.\u00a0 Como ela pr\u00f3pria diz, \u201cnas \u00e1rvores da casa de seus av\u00f3s surgiram as primeiras impress\u00f5es das cores, formas e aromas\u201d presentes hoje em seu elegante trabalho como designer de ambientes e eventos. X Engenheira de forma\u00e7\u00e3o, morou na Calif\u00f3rnia e no ano de 2002 resolveu, ap\u00f3s um tratamento com florais de Bach, dar uma reviravolta profissional, e trazer \u00e0 tona seu lado m\u00e3e e toda a ess\u00eancia feminina que andava adormecida. Sem perder toda experi\u00eancia em marketing e planejamento acumulada em anos, trouxe para seu trabalho muita intui\u00e7\u00e3o, inspira\u00e7\u00e3o, delicadeza e a paix\u00e3o que as mulheres t\u00eam pelas flores. X Minuciosa, aprendeu nos anos como executiva de grandes corpora\u00e7\u00f5es, que n\u00e3o existe sucesso sem muito planejamento, observa\u00e7\u00e3o e altas doses de intui\u00e7\u00e3o. Duplamente virginiana procura as solu\u00e7\u00f5es mais eficazes e econ\u00f4micas para seus projetos sem perder o encanto, a leveza e lirismo que s\u00e3o sua marca registrada. X Trabalha com os mais diferentes materiais e estilos, procurando fugir do \u00f3bvio e surpreender quem conhece seu trabalho. Seu objetivo \u00e9 harmonizar elementos que podem parecer inconcili\u00e1veis [&hellip;]<\/p>\n","protected":false},"author":4,"featured_media":0,"parent":0,"menu_order":0,"comment_status":"closed","ping_status":"closed","template":"","meta":[],"_links":{"self":[{"href":"http:\/\/www.alessandramitteldorf.com.br\/portal\/wp-json\/wp\/v2\/pages\/1064"}],"collection":[{"href":"http:\/\/www.alessandramitteldorf.com.br\/portal\/wp-json\/wp\/v2\/pages"}],"about":[{"href":"http:\/\/www.alessandramitteldorf.com.br\/portal\/wp-json\/wp\/v2\/types\/page"}],"author":[{"embeddable":true,"href":"http:\/\/www.alessandramitteldorf.com.br\/portal\/wp-json\/wp\/v2\/users\/4"}],"replies":[{"embeddable":true,"href":"http:\/\/www.alessandramitteldorf.com.br\/portal\/wp-json\/wp\/v2\/comments?post=1064"}],"version-history":[{"count":1,"href":"http:\/\/www.alessandramitteldorf.com.br\/portal\/wp-json\/wp\/v2\/pages\/1064\/revisions"}],"predecessor-version":[{"id":1691,"href":"http:\/\/www.alessandramitteldorf.com.br\/portal\/wp-json\/wp\/v2\/pages\/1064\/revisions\/1691"}],"wp:attachment":[{"href":"http:\/\/www.alessandramitteldorf.com.br\/portal\/wp-json\/wp\/v2\/media?parent=1064"}],"curies":[{"name":"wp","href":"https:\/\/api.w.org\/{rel}","templated":true}]}}