{"id":400,"date":"2014-12-23T12:21:36","date_gmt":"2014-12-23T14:21:36","guid":{"rendered":"http:\/\/www.gt3themes.com\/wordpress-themes\/soho\/?page_id=400"},"modified":"2015-10-17T10:13:49","modified_gmt":"2015-10-17T13:13:49","slug":"apresentacao","status":"publish","type":"page","link":"http:\/\/www.alessandramitteldorf.com.br\/portal\/apresentacao\/","title":{"rendered":"O Atelier Alessandra Mitteldorf"},"content":{"rendered":"<p>Uma visita ao atelier Alessandra Mitteldorf torna facilmente compreens\u00edvel a express\u00e3o <em>\u201cm\u00e9tier d\u00b4art\u201d<\/em>. O of\u00edcio da arte, para os franceses, \u00e9 aquele trabalho que transforma a vida, deixando-a mais bela e elegante exigindo de seus art\u00edfices alto grau de conhecimento t\u00e9cnico e muita criatividade.<\/p>\n<p><span style=\"color: #ffffff;\">X<\/span><br \/>\nOs clientes podem contar com tr\u00eas tipos de servi\u00e7o: assinatura floral e paisagismo de interiores, projetos de decora\u00e7\u00e3o de eventos e bouquets. Na assinatura floral, ou manuten\u00e7\u00e3o de flores e plantas em resid\u00eancias e estabelecimentos comerciais, flores e plantas frescas, vistosas, harmonizando com o ambiente e traduzindo a personalidade de uma pessoa, fam\u00edlia ou marca tornam o ambiente muito mais aconchegante, agrad\u00e1vel favorecendo a perman\u00eancia dos visitantes e assegurando harmonia energ\u00e9tica.<\/p>\n<p><span style=\"color: #ffffff;\">X<\/span><br \/>\nOs projetos para eventos, como casamentos, anivers\u00e1rios, bodas, noivados, bar e bat mitzvahs, al\u00e9m de lan\u00e7amentos de produtos, desfiles, inaugura\u00e7\u00f5es e a\u00e7\u00f5es de imprensa ganham destaque e ficam gravados na mem\u00f3ria dos anfitri\u00f5es e convidados. Para isso, Alessandra Mitteldorf usa e abusa dos conhecimentos de engenharia, marketing e consultoria que acumulou enquanto executiva de multinacionais com os de florista e artista que h\u00e1 mais de 15 anos exerce dia e noite.<\/p>\n<p><span style=\"color: #ffffff;\">X<\/span><br \/>\nViagens, livros, filmes, visitas de madrugada ao CEAGESP, tudo serve de inspira\u00e7\u00e3o para a equipe. A grande diferen\u00e7a de seu trabalho \u00e9 que toda essa ebuli\u00e7\u00e3o criativa \u00e9 executada com planejamento e muito apuro t\u00e9cnico, com olhar minucioso e detalhista.<\/p>\n<p><span style=\"color: #ffffff;\">X<\/span><br \/>\nO bouquet da Alessandra Mitteldorf atualmente \u00e9 o sonho de consumo das noivas mais descoladas. Traduz com eleg\u00e2ncia a emo\u00e7\u00e3o o que a noiva sente nesse momento \u00fanico. Sem falsa mod\u00e9stia, sua assinatura traz para as flores o que a Tiffany representa para as alian\u00e7as. Excel\u00eancia, exclusividade e sonho. O t\u00e3o desejado bouquet tamb\u00e9m \u00e9 feito com primor da alta costura. Ele \u00e9 desenhado e confeccionado levando-se em conta o vestido, a personalidade da noiva, a decora\u00e7\u00e3o da cerim\u00f4nia e da festa.<\/p>\n<p><span style=\"color: #ffffff;\">X<\/span><br \/>\nFazemos um convite \u00e0 voc\u00ea, para conhecer nosso trabalho. Certamente alguns minutos de conversa far\u00e3o seu olhar mudar sobre flores e festas.<\/p>\n<p><span style=\"color: #ffffff;\">X<\/span><br \/>\n<a href=\"http:\/\/www.alessandramitteldorf.com.br\/portal\/wp-content\/uploads\/2014\/12\/atelier1.jpg\"><img decoding=\"async\" class=\"alignnone wp-image-1060 size-full\" src=\"http:\/\/www.alessandramitteldorf.com.br\/portal\/wp-content\/uploads\/2014\/12\/atelier1.jpg\" alt=\"atelier1\" width=\"1170\" height=\"601\" srcset=\"http:\/\/www.alessandramitteldorf.com.br\/portal\/wp-content\/uploads\/2014\/12\/atelier1.jpg 1170w, http:\/\/www.alessandramitteldorf.com.br\/portal\/wp-content\/uploads\/2014\/12\/atelier1-300x154.jpg 300w, http:\/\/www.alessandramitteldorf.com.br\/portal\/wp-content\/uploads\/2014\/12\/atelier1-1024x526.jpg 1024w\" sizes=\"(max-width: 1170px) 100vw, 1170px\" \/><\/a><\/p>\n<p>&nbsp;<\/p>\n","protected":false},"excerpt":{"rendered":"<p>Uma visita ao atelier Alessandra Mitteldorf torna facilmente compreens\u00edvel a express\u00e3o \u201cm\u00e9tier d\u00b4art\u201d. O of\u00edcio da arte, para os franceses, \u00e9 aquele trabalho que transforma a vida, deixando-a mais bela e elegante exigindo de seus art\u00edfices alto grau de conhecimento t\u00e9cnico e muita criatividade. X Os clientes podem contar com tr\u00eas tipos de servi\u00e7o: assinatura floral e paisagismo de interiores, projetos de decora\u00e7\u00e3o de eventos e bouquets. Na assinatura floral, ou manuten\u00e7\u00e3o de flores e plantas em resid\u00eancias e estabelecimentos comerciais, flores e plantas frescas, vistosas, harmonizando com o ambiente e traduzindo a personalidade de uma pessoa, fam\u00edlia ou marca tornam o ambiente muito mais aconchegante, agrad\u00e1vel favorecendo a perman\u00eancia dos visitantes e assegurando harmonia energ\u00e9tica. X Os projetos para eventos, como casamentos, anivers\u00e1rios, bodas, noivados, bar e bat mitzvahs, al\u00e9m de lan\u00e7amentos de produtos, desfiles, inaugura\u00e7\u00f5es e a\u00e7\u00f5es de imprensa ganham destaque e ficam gravados na mem\u00f3ria dos anfitri\u00f5es e convidados. Para isso, Alessandra Mitteldorf usa e abusa dos conhecimentos de engenharia, marketing e consultoria que acumulou enquanto executiva de multinacionais com os de florista e artista que h\u00e1 mais de 15 anos exerce dia e noite. X Viagens, livros, filmes, visitas de madrugada ao CEAGESP, tudo serve de [&hellip;]<\/p>\n","protected":false},"author":4,"featured_media":0,"parent":0,"menu_order":0,"comment_status":"closed","ping_status":"closed","template":"","meta":[],"_links":{"self":[{"href":"http:\/\/www.alessandramitteldorf.com.br\/portal\/wp-json\/wp\/v2\/pages\/400"}],"collection":[{"href":"http:\/\/www.alessandramitteldorf.com.br\/portal\/wp-json\/wp\/v2\/pages"}],"about":[{"href":"http:\/\/www.alessandramitteldorf.com.br\/portal\/wp-json\/wp\/v2\/types\/page"}],"author":[{"embeddable":true,"href":"http:\/\/www.alessandramitteldorf.com.br\/portal\/wp-json\/wp\/v2\/users\/4"}],"replies":[{"embeddable":true,"href":"http:\/\/www.alessandramitteldorf.com.br\/portal\/wp-json\/wp\/v2\/comments?post=400"}],"version-history":[{"count":1,"href":"http:\/\/www.alessandramitteldorf.com.br\/portal\/wp-json\/wp\/v2\/pages\/400\/revisions"}],"predecessor-version":[{"id":1690,"href":"http:\/\/www.alessandramitteldorf.com.br\/portal\/wp-json\/wp\/v2\/pages\/400\/revisions\/1690"}],"wp:attachment":[{"href":"http:\/\/www.alessandramitteldorf.com.br\/portal\/wp-json\/wp\/v2\/media?parent=400"}],"curies":[{"name":"wp","href":"https:\/\/api.w.org\/{rel}","templated":true}]}}