{"id":919,"date":"2015-08-09T22:11:12","date_gmt":"2015-08-10T01:11:12","guid":{"rendered":"http:\/\/brightland.com.br\/alessandra\/?page_id=919"},"modified":"2016-05-22T15:48:49","modified_gmt":"2016-05-22T18:48:49","slug":"midia","status":"publish","type":"page","link":"http:\/\/www.alessandramitteldorf.com.br\/portal\/midia\/","title":{"rendered":"M\u00eddia Digital"},"content":{"rendered":"<h2>Casamentos, Bouquets e Festas<\/h2>\n<p>&nbsp;<\/p>\n<p><a href=\"http:\/\/vestidadenoiva.com\/editorial-vestidas-de-jardim-ii\/\" target=\"_blank\">Vestida de Jardim &#8211; Atelier Jardim Secreto &#8211; Blog Vestida de Noiva<\/a><\/p>\n<p><a href=\"http:\/\/bit.ly\/1Qaqpln\" target=\"_blank\">Buqu\u00ea de noiva: 5 tend\u00eancias originais e lindas que voc\u00ea n\u00e3o pode perder! &#8211; Site Zankyou<\/a><\/p>\n<p><a href=\"http:\/\/vogue.globo.com\/moda\/moda-news\/noticia\/2015\/07\/das-passarelas-de-couture-joalheria-invasao-das-borboletas-na-moda-bridal.html\" target=\"_blank\">Das passarelas de couture a joalheria, a invas\u00e3o das borboletas na moda bridal- Regista Vogue<\/a><\/p>\n<p><a href=\"http:\/\/zankyou.terra.com.br\/p\/casamento-talita-e-thyago-mini-wedding-com-toque-vintage-ao-lado-da-familia-e-amigos-64440\" target=\"_blank\">Talita + Tyago &#8211; Site Zankyou &#8211; Mini wedding com toque vintage ao lado da familia e amigos.<\/a><\/p>\n<p><a href=\"http:\/\/vestidadenoiva.com\/bodas-de-ouro-jo-antonio\/\" target=\"_blank\">J\u00f4 + Ant\u00f3nio &#8211; Bodas de ouro<\/a><\/p>\n<p><a href=\"https:\/\/vimeo.com\/36784663\" target=\"_blank\">Casamento Dre + Sito + Nina- video<\/a><\/p>\n<p><a href=\"http:\/\/www.chuvadefelicidades.com\/2013\/03\/casamento-dre-sito-nina.html\" target=\"_blank\">Blog Chuva de Felicidade<\/a><\/p>\n<p><a href=\"http:\/\/www.adrianaepatriciafotografia.com\/blogantigo\/2014\/01\/16\/mini-wedding-no-ruella-manuela-e-roger\" target=\"_blank\">Manuela + Roger &#8211; Mini Wedding no Ruella<\/a><\/p>\n<p><a href=\"http:\/\/www.rafaelkarelisky.com.br\/fotografia-casamento-sp-igreja-santa-teresinha-jockey-club-pri\/\" target=\"_blank\">Pri + Al\u00ea &#8211;\u00a0 Casamento Jockey Club<\/a><\/p>\n<p><a href=\"http:\/\/alfafoto.com.br\/blog2\/2013\/08\/span-stylefont-family-tahoma-font-size-16px-line-height-100vanessa-jose-luis\/\" target=\"_blank\">Vanessa + Jos\u00e9 Luis &#8211; Gerson Paes Fotografia<\/a><\/p>\n<p><a href=\"http:\/\/carolamontoro.blogspot.com.br\/2010\/09\/sarau-das-casadas-por-fernanda-floret.html\" target=\"_blank\">Sarau das Casadas por Fernanda Floret, Vestida de Noiva &#8211; Carola Montoro<\/a><\/p>\n<h2>\u00a0<span style=\"color: #ffffff;\">X<\/span><\/h2>\n<h2>Paisagismo de interiores<\/h2>\n<p><span style=\"color: #ffffff;\">X<\/span><\/p>\n<p><a href=\"http:\/\/vogue76.rssing.com\/browser.php?indx=14254093&amp;item=3156\" target=\"_blank\">Tata Wu e Luciana Degani &#8211; Casa Vogue<\/a><\/p>\n<p><a href=\"http:\/\/casa.abril.com.br\/materia\/aprenda-a-cultivar-um-jardim-dentro-de-casa#1\" target=\"_blank\">Aprenda a cultivar jardim dentro de casa &#8211; Casa Claudia<\/a><\/p>\n<p><a href=\"http:\/\/www.onordeste.com\/onordeste\/enciclopediaNordeste\/index.php?titulo=Mamulengo&amp;ltr=m&amp;id_perso=2713\" target=\"_blank\">Mandacaru<\/a><\/p>\n<p><a href=\"http:\/\/www.noclimadacaatinga.org.br\/ver_namidia.php?id_midia=40\" target=\"_blank\">Cactus da Caatinga &#8211; Mandacaru<\/a><\/p>\n<p><a href=\"http:\/\/www.arquitetura.noradar.com\/lareiras-atracao-irresistivel\/\" target=\"_blank\">Lareiras, atra\u00e7\u00e3o irresist\u00edvel &#8211; Arquitetura no radar<\/a><\/p>\n<p><a href=\"http:\/\/blogdacicon.blogspot.com.br\/2012\/01\/verde-valoriza-o-imovel-invista-em.html\" target=\"_blank\">\u2018Verde\u2019 valoriza o im\u00f3vel. Invista em paisagismo! &#8211; Blog da Cicon<\/a><\/p>\n<p><a href=\"http:\/\/coisasdasanta.blogspot.com.br\/2010\/09\/suculentas-na-janela-dicasjardinagem.html\" target=\"_blank\">Suculentas na janela! &#8211; Blog Coisas da Santa<\/a><\/p>\n<p><a href=\"http:\/\/dubaitapecaria.blogspot.com.br\/2010\/02\/5-especies-de-plantas-que-vao-bem_20.html\" target=\"_blank\">5 esp\u00e9cies de plantas que v\u00e3o bem dentro de casa &#8211; Dubai tape\u00e7aria<\/a><\/p>\n","protected":false},"excerpt":{"rendered":"<p>Casamentos, Bouquets e Festas &nbsp; Vestida de Jardim &#8211; Atelier Jardim Secreto &#8211; Blog Vestida de Noiva Buqu\u00ea de noiva: 5 tend\u00eancias originais e lindas que voc\u00ea n\u00e3o pode perder! &#8211; Site Zankyou Das passarelas de couture a joalheria, a invas\u00e3o das borboletas na moda bridal- Regista Vogue Talita + Tyago &#8211; Site Zankyou &#8211; Mini wedding com toque vintage ao lado da familia e amigos. J\u00f4 + Ant\u00f3nio &#8211; Bodas de ouro Casamento Dre + Sito + Nina- video Blog Chuva de Felicidade Manuela + Roger &#8211; Mini Wedding no Ruella Pri + Al\u00ea &#8211;\u00a0 Casamento Jockey Club Vanessa + Jos\u00e9 Luis &#8211; Gerson Paes Fotografia Sarau das Casadas por Fernanda Floret, Vestida de Noiva &#8211; Carola Montoro \u00a0X Paisagismo de interiores X Tata Wu e Luciana Degani &#8211; Casa Vogue Aprenda a cultivar jardim dentro de casa &#8211; Casa Claudia Mandacaru Cactus da Caatinga &#8211; Mandacaru Lareiras, atra\u00e7\u00e3o irresist\u00edvel &#8211; Arquitetura no radar \u2018Verde\u2019 valoriza o im\u00f3vel. Invista em paisagismo! &#8211; Blog da Cicon Suculentas na janela! &#8211; Blog Coisas da Santa 5 esp\u00e9cies de plantas que v\u00e3o bem dentro de casa &#8211; Dubai tape\u00e7aria<\/p>\n","protected":false},"author":4,"featured_media":0,"parent":0,"menu_order":0,"comment_status":"closed","ping_status":"closed","template":"","meta":[],"_links":{"self":[{"href":"http:\/\/www.alessandramitteldorf.com.br\/portal\/wp-json\/wp\/v2\/pages\/919"}],"collection":[{"href":"http:\/\/www.alessandramitteldorf.com.br\/portal\/wp-json\/wp\/v2\/pages"}],"about":[{"href":"http:\/\/www.alessandramitteldorf.com.br\/portal\/wp-json\/wp\/v2\/types\/page"}],"author":[{"embeddable":true,"href":"http:\/\/www.alessandramitteldorf.com.br\/portal\/wp-json\/wp\/v2\/users\/4"}],"replies":[{"embeddable":true,"href":"http:\/\/www.alessandramitteldorf.com.br\/portal\/wp-json\/wp\/v2\/comments?post=919"}],"version-history":[{"count":2,"href":"http:\/\/www.alessandramitteldorf.com.br\/portal\/wp-json\/wp\/v2\/pages\/919\/revisions"}],"predecessor-version":[{"id":2368,"href":"http:\/\/www.alessandramitteldorf.com.br\/portal\/wp-json\/wp\/v2\/pages\/919\/revisions\/2368"}],"wp:attachment":[{"href":"http:\/\/www.alessandramitteldorf.com.br\/portal\/wp-json\/wp\/v2\/media?parent=919"}],"curies":[{"name":"wp","href":"https:\/\/api.w.org\/{rel}","templated":true}]}}